{"id":2310,"date":"2015-03-13T08:53:34","date_gmt":"2015-03-13T08:53:34","guid":{"rendered":"http:\/\/demo-content.kaliumtheme.com\/freelancer\/?page_id=2310"},"modified":"2024-05-01T22:05:22","modified_gmt":"2024-05-01T20:05:22","slug":"contact","status":"publish","type":"page","link":"https:\/\/boris-lamfroycavret.com\/?page_id=2310","title":{"rendered":"CONTACT"},"content":{"rendered":"<div class=\"wpb-content-wrapper\"><p>[vc_row css=\u00a0\u00bb.vc_custom_1427330082983{padding-top: 25px !important;}\u00a0\u00bb][vc_column width=\u00a0\u00bb1\/3&Prime; reveal_effect=\u00a0\u00bbfadeIn\u00a0\u00bb reveal_duration=\u00a0\u00bb1&Prime; reveal_delay=\u00a0\u00bb0.3&Prime;][vc_column_text]<\/p>\n<h3>On a des choses \u00e0 se dire ?<\/h3>\n<p>Une id\u00e9e ou un projet similaire \u00e0 ce que vous avez vu dans mon portfolio ?<br \/>\nVous pensez que je suis la bonne personne pour vous accompagner dans cette d\u00e9marche cr\u00e9ative ?<\/p>\n<p>N&rsquo;h\u00e9sitez surtout pas \u00e0 m&rsquo;envoyer un mail pour en discuter via ce joli formulaire, ou bien directement \u00e0 :<\/p>\n<p><a href=\"mailto:boris.lamfroycavret@gmail.com\">boris.lamfroycavret@gmail.com<\/a><\/p>\n<p>&nbsp;<\/p>\n<p>\u30fe(\uff3e-\uff3e)\u30ce\u00a0 \u30fe(\uff3e-\uff3e)\u30ce\u00a0 \u30fe(\uff3e-\uff3e)\u30ce<\/p>\n<p>\u30fe(\u2310\u25a0_\u25a0)\u30ce\u266a\u00a0 \u30fd(\u2310\u25a0_\u25a0)\u30ce\u266a\u266c\u00a0 \u30fe(\u2310\u25a0_\u25a0)\u30ce\u266a<\/p>\n<p>\u30fe(\uff3e-\uff3e)\u30ce\u00a0 \u30fe(\uff3e-\uff3e)\u30ce\u00a0 \u30fe(\uff3e-\uff3e)\u30ce[\/vc_column_text][\/vc_column][vc_column width=\u00a0\u00bb2\/3&Prime; reveal_effect=\u00a0\u00bbfadeIn\u00a0\u00bb reveal_duration=\u00a0\u00bb1&Prime; reveal_delay=\u00a0\u00bb0.5&Prime;][lab_contact_form name_title=\u00a0\u00bbQui \u00eates vous ?\u00a0\u00bb email_title=\u00a0\u00bbVotre Email\u00a0\u00bb message_title=\u00a0\u00bbDe quoi va-t-on parler ?\u00a0\u00bb show_subject_field=\u00a0\u00bb\u00a0\u00bb submit_title=\u00a0\u00bbEnvoyer le pigeon voyageur\u00a0\u00bb submit_success=\u00a0\u00bbMerci beaucoup #, le message est bien parti !\u00a0\u00bb alert_errors=\u00a0\u00bb\u00a0\u00bb][\/vc_column][\/vc_row]<\/p>\n<\/div>","protected":false},"excerpt":{"rendered":"<p>[vc_row css=\u00a0\u00bb.vc_custom_1427330082983{padding-top: 25px !important;}\u00a0\u00bb][vc_column width=\u00a0\u00bb1\/3&Prime; reveal_effect=\u00a0\u00bbfadeIn\u00a0\u00bb reveal_duration=\u00a0\u00bb1&Prime; reveal_delay=\u00a0\u00bb0.3&Prime;][vc_column_text] On a des choses \u00e0 se dire ? Une id\u00e9e ou un projet similaire \u00e0 ce que vous avez vu dans mon portfolio ? Vous pensez que je suis la bonne personne pour vous accompagner dans cette d\u00e9marche cr\u00e9ative ? N&rsquo;h\u00e9sitez surtout pas \u00e0 m&rsquo;envoyer un mail&hellip;<\/p>\n","protected":false},"author":1,"featured_media":0,"parent":0,"menu_order":0,"comment_status":"closed","ping_status":"open","template":"","meta":{"_acf_changed":false,"footnotes":""},"class_list":["post-2310","page","type-page","status-publish","hentry"],"acf":[],"_links":{"self":[{"href":"https:\/\/boris-lamfroycavret.com\/index.php?rest_route=\/wp\/v2\/pages\/2310","targetHints":{"allow":["GET"]}}],"collection":[{"href":"https:\/\/boris-lamfroycavret.com\/index.php?rest_route=\/wp\/v2\/pages"}],"about":[{"href":"https:\/\/boris-lamfroycavret.com\/index.php?rest_route=\/wp\/v2\/types\/page"}],"author":[{"embeddable":true,"href":"https:\/\/boris-lamfroycavret.com\/index.php?rest_route=\/wp\/v2\/users\/1"}],"replies":[{"embeddable":true,"href":"https:\/\/boris-lamfroycavret.com\/index.php?rest_route=%2Fwp%2Fv2%2Fcomments&post=2310"}],"version-history":[{"count":43,"href":"https:\/\/boris-lamfroycavret.com\/index.php?rest_route=\/wp\/v2\/pages\/2310\/revisions"}],"predecessor-version":[{"id":5398,"href":"https:\/\/boris-lamfroycavret.com\/index.php?rest_route=\/wp\/v2\/pages\/2310\/revisions\/5398"}],"wp:attachment":[{"href":"https:\/\/boris-lamfroycavret.com\/index.php?rest_route=%2Fwp%2Fv2%2Fmedia&parent=2310"}],"curies":[{"name":"wp","href":"https:\/\/api.w.org\/{rel}","templated":true}]}}