{"id":2167,"date":"2015-03-12T14:52:34","date_gmt":"2015-03-12T13:52:34","guid":{"rendered":"http:\/\/demo-content.kaliumtheme.com\/freelancer\/?page_id=2167"},"modified":"2025-04-09T16:43:06","modified_gmt":"2025-04-09T14:43:06","slug":"about","status":"publish","type":"page","link":"https:\/\/boris-lamfroycavret.com\/?page_id=2167","title":{"rendered":"\u00c0 PROPOS"},"content":{"rendered":"<div class=\"wpb-content-wrapper\"><p>[vc_row css=\u00a0\u00bb.vc_custom_1427330132202{padding-bottom: 20px !important;}\u00a0\u00bb][vc_column reveal_effect=\u00a0\u00bbfadeIn\u00a0\u00bb reveal_duration=\u00a0\u00bb0.7&Prime; reveal_delay=\u00a0\u00bb0.1&Prime;][lab_heading title=\u00a0\u00bbQUI SUIS-JE ?\u00a0\u00bb]\u2014<br \/>\n<em>\u00ab\u00a0On n&rsquo;oublie jamais les gens qu&rsquo;on a rencontr\u00e9s, on a seulement du mal \u00e0 s&rsquo;en souvenir.\u00a0\u00bb<\/em>[\/lab_heading][\/vc_column][\/vc_row][vc_row][vc_column width=\u00a0\u00bb1\/2&Prime; reveal_effect=\u00a0\u00bbfadeInLab\u00a0\u00bb reveal_duration=\u00a0\u00bb1.5&Prime; reveal_delay=\u00a0\u00bb0.5&Prime;][lab_scroll_box scroll_height=\u00a0\u00bb341&Prime; css=\u00a0\u00bb.vc_custom_1554144186929{padding-top: 30px !important;padding-right: 15px !important;padding-bottom: 45px !important;padding-left: 45px !important;background-color: #f9f9f9 !important;}\u00a0\u00bb]<\/p>\n<h3>Boris Lamfroy-Cavret<\/h3>\n<p class=\"p1\"><span style=\"color: #ff4a4b;\">Designer Graphique &amp; Visuel<br \/>\nAmi du Minimalisme Complexe et de la Mentalit\u00e9 K.I.S.S.<br \/>\nId\u00e9aliste Confiant et \u00e0 l&rsquo;Esprit Vif<br \/>\nCin\u00e9phile du Nouveau Mill\u00e9naire<br \/>\n\u2014<\/span><span style=\"color: #34bcd9;\"><br \/>\nApr\u00e8s tous ces jolis titres extravagants et totalement baroques (quoiqu&rsquo;assez honn\u00eates), faisons un peu plus connaissance.<br \/>\n<\/span><br \/>\n<span style=\"color: #34bcd9;\">Je m&rsquo;appelle Boris Lamfroy-Cavret, j&rsquo;ai 29 ans et r\u00e9side actuellement \u00e0 Lyon, apr\u00e8s avoir obtenu un Bac S et ma licence Information-Communication-Hyperm\u00e9dia &amp; Culture de l&rsquo;Image \u00e0 Annecy.<\/span><br \/>\n<span style=\"color: #34bcd9;\">C&rsquo;est depuis 2013 et le d\u00e9but de ces \u00e9tudes qu&rsquo;un v\u00e9ritable int\u00e9r\u00eat pour l&rsquo;image en tant que langage universel est n\u00e9, \u00e0 travers le design graphique d&rsquo;un point de vue professionnel et \u00e0 travers le cin\u00e9ma en tant que passionn\u00e9. Dans cet environnement, j&rsquo;ai d\u00e9velopp\u00e9 mes comp\u00e9tences de designer majoritairement de mani\u00e8re autodidacte, et d\u00e9couvert mon app\u00e9tence pour les projets visuellement forts, impactants et \u00e9vocateurs, notamment la conception de logos et d&rsquo;identit\u00e9s.<\/span><\/p>\n<p><span style=\"color: #34bcd9;\">En veille cr\u00e9ative constante, je continue de fa\u00e7onner et d&rsquo;enrichir ma culture visuelle \u00e0 travers mes recherches personnelles sur le design, l&rsquo;art, ainsi que la place du designer dans notre soci\u00e9t\u00e9. \u00c0 mon sens, en tant que pont entre communication et cr\u00e9ativit\u00e9, c&rsquo;est un des rares m\u00e9tiers qui agit comme prisme de d\u00e9couverte du monde \u00e0 partir d&rsquo;une passion artistique, et c&rsquo;est cet aspect du m\u00e9tier qui me captive fondamentalement :\u00a0<\/span><\/p>\n<blockquote><p><span style=\"color: #ff4a4b;\"><strong>\u00ab\u00a0<\/strong>Tout ne touche pas au design, mais le design<br \/>\ntouche \u00e0 tout. Alors faites-vous une faveur :<br \/>\n<strong>SOYEZ PR\u00caT POUR TOUT.\u00a0\u00bb\u00a0<\/strong><br \/>\n\u2014 Michael Bierut<\/span><\/p><\/blockquote>\n<p>[\/lab_scroll_box][vc_separator][\/vc_column][vc_column width=\u00a0\u00bb1\/2&Prime; reveal_effect=\u00a0\u00bbfadeIn\u00a0\u00bb reveal_duration=\u00a0\u00bb1.5&Prime; reveal_delay=\u00a0\u00bb0.4&Prime;][vc_single_image image=\u00a0\u00bb4860&Prime; img_size=\u00a0\u00bbfull\u00a0\u00bb style=\u00a0\u00bbvc_box_rounded\u00a0\u00bb css_animation=\u00a0\u00bbappear\u00a0\u00bb el_class=\u00a0\u00bblab-bordered-image\u00a0\u00bb][vc_separator][\/vc_column][\/vc_row][vc_row][vc_column width=\u00a0\u00bb1\/2&Prime;][vc_btn title=\u00a0\u00bb<strong><u>Ma GEN\u00c8SE est disponible ici<\/u><\/strong>\u00a0\u00bb style=\u00a0\u00bboutline-custom\u00a0\u00bb outline_custom_color=\u00a0\u00bb#34bcd9&Prime; outline_custom_hover_background=\u00a0\u00bb#34bcd9&Prime; outline_custom_hover_text=\u00a0\u00bb#ffffff\u00a0\u00bb size=\u00a0\u00bblg\u00a0\u00bb align=\u00a0\u00bbcenter\u00a0\u00bb css_animation=\u00a0\u00bbfadeInDown\u00a0\u00bb link=\u00a0\u00bburl:https%3A%2F%2Fboris-lamfroycavret.com%2F2019%2F04%2F05%2Fquand-je-serai-grand%2F|title:Quand%20je%20serai%20grand%2C%20je%20serais%20%E2%80%A6%20designer%20graphique%20%3F|target:%20_blank|\u00a0\u00bb][\/vc_column][vc_column width=\u00a0\u00bb1\/2&Prime;][vc_btn title=\u00a0\u00bb<strong><u>Mon CV est disponible l\u00e0<\/u><\/strong>\u00a0\u00bb style=\u00a0\u00bboutline-custom\u00a0\u00bb outline_custom_color=\u00a0\u00bb#ff4a4b\u00a0\u00bb outline_custom_hover_background=\u00a0\u00bb#ff4a4b\u00a0\u00bb outline_custom_hover_text=\u00a0\u00bb#ffffff\u00a0\u00bb size=\u00a0\u00bblg\u00a0\u00bb align=\u00a0\u00bbcenter\u00a0\u00bb css_animation=\u00a0\u00bbfadeInDown\u00a0\u00bb link=\u00a0\u00bburl:https%3A%2F%2Fboris-lamfroycavret.com%2FCV-BorisLamfroyCavret.pdf||target:%20_blank|\u00a0\u00bb][\/vc_column][\/vc_row]<\/p>\n<\/div>","protected":false},"excerpt":{"rendered":"<p>[vc_row css=\u00a0\u00bb.vc_custom_1427330132202{padding-bottom: 20px !important;}\u00a0\u00bb][vc_column reveal_effect=\u00a0\u00bbfadeIn\u00a0\u00bb reveal_duration=\u00a0\u00bb0.7&Prime; reveal_delay=\u00a0\u00bb0.1&Prime;][lab_heading title=\u00a0\u00bbQUI SUIS-JE ?\u00a0\u00bb]\u2014 \u00ab\u00a0On n&rsquo;oublie jamais les gens qu&rsquo;on a rencontr\u00e9s, on a seulement du mal \u00e0 s&rsquo;en souvenir.\u00a0\u00bb[\/lab_heading][\/vc_column][\/vc_row][vc_row][vc_column width=\u00a0\u00bb1\/2&Prime; reveal_effect=\u00a0\u00bbfadeInLab\u00a0\u00bb reveal_duration=\u00a0\u00bb1.5&Prime; reveal_delay=\u00a0\u00bb0.5&Prime;][lab_scroll_box scroll_height=\u00a0\u00bb341&Prime; css=\u00a0\u00bb.vc_custom_1554144186929{padding-top: 30px !important;padding-right: 15px !important;padding-bottom: 45px !important;padding-left: 45px !important;background-color: #f9f9f9 !important;}\u00a0\u00bb] Boris Lamfroy-Cavret Designer Graphique &amp; Visuel Ami du Minimalisme Complexe et de la&hellip;<\/p>\n","protected":false},"author":1,"featured_media":0,"parent":0,"menu_order":0,"comment_status":"closed","ping_status":"closed","template":"","meta":{"_acf_changed":false,"footnotes":""},"class_list":["post-2167","page","type-page","status-publish","hentry"],"acf":[],"_links":{"self":[{"href":"https:\/\/boris-lamfroycavret.com\/index.php?rest_route=\/wp\/v2\/pages\/2167","targetHints":{"allow":["GET"]}}],"collection":[{"href":"https:\/\/boris-lamfroycavret.com\/index.php?rest_route=\/wp\/v2\/pages"}],"about":[{"href":"https:\/\/boris-lamfroycavret.com\/index.php?rest_route=\/wp\/v2\/types\/page"}],"author":[{"embeddable":true,"href":"https:\/\/boris-lamfroycavret.com\/index.php?rest_route=\/wp\/v2\/users\/1"}],"replies":[{"embeddable":true,"href":"https:\/\/boris-lamfroycavret.com\/index.php?rest_route=%2Fwp%2Fv2%2Fcomments&post=2167"}],"version-history":[{"count":164,"href":"https:\/\/boris-lamfroycavret.com\/index.php?rest_route=\/wp\/v2\/pages\/2167\/revisions"}],"predecessor-version":[{"id":5857,"href":"https:\/\/boris-lamfroycavret.com\/index.php?rest_route=\/wp\/v2\/pages\/2167\/revisions\/5857"}],"wp:attachment":[{"href":"https:\/\/boris-lamfroycavret.com\/index.php?rest_route=%2Fwp%2Fv2%2Fmedia&parent=2167"}],"curies":[{"name":"wp","href":"https:\/\/api.w.org\/{rel}","templated":true}]}}